{"id":11,"date":"2016-12-04T17:28:56","date_gmt":"2016-12-04T17:28:56","guid":{"rendered":"http:\/\/www.metinbilgili.com\/?page_id=11"},"modified":"2018-02-17T18:53:30","modified_gmt":"2018-02-17T18:53:30","slug":"nasil-ulasirim","status":"publish","type":"page","link":"http:\/\/www.metinbilgili.com\/?page_id=11","title":{"rendered":"Nas\u0131l Ula\u015f\u0131r\u0131m?"},"content":{"rendered":"<p><strong>metin@metinbilgili.com<\/strong> adresine e-posta g\u00f6ndererek veya <strong>0532 438 18 77<\/strong> numaral\u0131 cep telefonumdan bana ula\u015fabilirsiniz.<\/p>\n<p>Adres: Sazova Mahallesi, \u00c7ay\u0131rkent Sokak No:24 \/ 26150 Eski\u015fehir<\/p>\n","protected":false},"excerpt":{"rendered":"<p>metin@metinbilgili.com adresine e-posta g\u00f6ndererek veya 0532 438 18 77 numaral\u0131 cep telefonumdan bana ula\u015fabilirsiniz. Adres: Sazova Mahallesi, \u00c7ay\u0131rkent Sokak No:24 \/ 26150 Eski\u015fehir<\/p>\n","protected":false},"author":1,"featured_media":0,"parent":0,"menu_order":5,"comment_status":"closed","ping_status":"closed","template":"","meta":{"footnotes":""},"_links":{"self":[{"href":"http:\/\/www.metinbilgili.com\/index.php?rest_route=\/wp\/v2\/pages\/11"}],"collection":[{"href":"http:\/\/www.metinbilgili.com\/index.php?rest_route=\/wp\/v2\/pages"}],"about":[{"href":"http:\/\/www.metinbilgili.com\/index.php?rest_route=\/wp\/v2\/types\/page"}],"author":[{"embeddable":true,"href":"http:\/\/www.metinbilgili.com\/index.php?rest_route=\/wp\/v2\/users\/1"}],"replies":[{"embeddable":true,"href":"http:\/\/www.metinbilgili.com\/index.php?rest_route=%2Fwp%2Fv2%2Fcomments&post=11"}],"version-history":[{"count":3,"href":"http:\/\/www.metinbilgili.com\/index.php?rest_route=\/wp\/v2\/pages\/11\/revisions"}],"predecessor-version":[{"id":39,"href":"http:\/\/www.metinbilgili.com\/index.php?rest_route=\/wp\/v2\/pages\/11\/revisions\/39"}],"wp:attachment":[{"href":"http:\/\/www.metinbilgili.com\/index.php?rest_route=%2Fwp%2Fv2%2Fmedia&parent=11"}],"curies":[{"name":"wp","href":"https:\/\/api.w.org\/{rel}","templated":true}]}}