{"id":2,"date":"2016-12-04T16:35:36","date_gmt":"2016-12-04T16:35:36","guid":{"rendered":"http:\/\/www.metinbilgili.com\/?page_id=2"},"modified":"2020-06-20T22:07:17","modified_gmt":"2020-06-20T22:07:17","slug":"about","status":"publish","type":"page","link":"http:\/\/www.metinbilgili.com\/?page_id=2","title":{"rendered":"Metin Bilgili kimdir?"},"content":{"rendered":"<p><a href=\"http:\/\/www.metinbilgili.com\/wp-content\/uploads\/2018\/02\/metinbilgili-24.jpeg\"><img decoding=\"async\" loading=\"lazy\" class=\"alignnone size-large wp-image-111\" src=\"http:\/\/www.metinbilgili.com\/wp-content\/uploads\/2018\/02\/metinbilgili-24-683x1024.jpeg\" alt=\"metinbilgili-24\" width=\"634\" height=\"951\" srcset=\"http:\/\/www.metinbilgili.com\/wp-content\/uploads\/2018\/02\/metinbilgili-24-683x1024.jpeg 683w, http:\/\/www.metinbilgili.com\/wp-content\/uploads\/2018\/02\/metinbilgili-24-200x300.jpeg 200w, http:\/\/www.metinbilgili.com\/wp-content\/uploads\/2018\/02\/metinbilgili-24-768x1152.jpeg 768w, http:\/\/www.metinbilgili.com\/wp-content\/uploads\/2018\/02\/metinbilgili-24.jpeg 960w\" sizes=\"(max-width: 634px) 100vw, 634px\" \/><\/a><\/p>\n<p>&nbsp;<\/p>\n<p>Metin Bilgili, Lise e\u011fitimini Eski\u015fehir Makine Teknik Lisesinde tamamlad\u0131ktan sonra Plastik M\u00fchendisli\u011fi e\u011fitimini Manchester Polytechnic \u00dcniversitesi&#8217;nde ald\u0131.<\/p>\n<p>\u0130ngiltere&#8217;de FMS konusunda Leyland&#8217;da, CNC konusunda Mazak ve Deckel firmalar\u0131nda, DNC ve Plastik Enjeksiyon kal\u0131pc\u0131l\u0131\u011f\u0131 konular\u0131nda Manchester, Wigan, Birmingham&#8217;daki firmalarda \u00e7al\u0131\u015fmalarda bulundu.<\/p>\n<p>Wigan Collage of Technology Engineering Departman\u0131nda Enjeksiyon, ekstr\u00fczyon, \u00fcfleme kal\u0131p\u00e7\u0131l\u0131\u011f\u0131, plastik kal\u0131p\u00e7\u0131l\u0131\u011f\u0131 konular\u0131nda \u00e7al\u0131\u015fmalar yapt\u0131.<\/p>\n<p>1988 y\u0131l\u0131nda Ar\u00e7elik Eski\u015fehir Buzdolab\u0131 Fabrikas\u0131nda Proses M\u00fchendisi, Proses Uzman\u0131, Plastik Tak\u0131m Lideri pozisyonlar\u0131nda bulundu. \u0130stanbul&#8217;da Beko Elektronik \u0130\u015fletmesinde Plastik \u00dcretim Y\u00f6neticisi olarak plastik, boya, strafor, kal\u0131phane b\u00f6l\u00fcmlerinin y\u00f6netimini yapt\u0131. Ar\u00e7elik Teknoloji Direkt\u00f6rl\u00fc\u011f\u00fcnde Teknik Lider olarak g\u00f6rev yapt\u0131.<\/p>\n<p><a href=\"http:\/\/www.metinbilgili.com\/wp-content\/uploads\/2018\/02\/metinbilgili-3.jpeg\"><img decoding=\"async\" loading=\"lazy\" class=\"alignnone size-large wp-image-118\" src=\"http:\/\/www.metinbilgili.com\/wp-content\/uploads\/2018\/02\/metinbilgili-3-1024x576.jpeg\" alt=\"metinbilgili-3\" width=\"634\" height=\"357\" srcset=\"http:\/\/www.metinbilgili.com\/wp-content\/uploads\/2018\/02\/metinbilgili-3-1024x576.jpeg 1024w, http:\/\/www.metinbilgili.com\/wp-content\/uploads\/2018\/02\/metinbilgili-3-300x169.jpeg 300w, http:\/\/www.metinbilgili.com\/wp-content\/uploads\/2018\/02\/metinbilgili-3-768x432.jpeg 768w, http:\/\/www.metinbilgili.com\/wp-content\/uploads\/2018\/02\/metinbilgili-3.jpeg 1599w\" sizes=\"(max-width: 634px) 100vw, 634px\" \/><\/a><\/p>\n<p><strong>Sertifikalar<\/strong><\/p>\n<ul>\n<li>6 Sigma Black Belt<\/li>\n<li>TPM<\/li>\n<li>Toplam Kalite Y\u00f6netimi<\/li>\n<li>Time Management<\/li>\n<li>Incoe Molding Systems<\/li>\n<li>Durum Problem Karar Analiz<\/li>\n<li>Ama\u00e7lara g\u00f6re y\u00f6netim<\/li>\n<li>Management Skills Development Programme<\/li>\n<li>Y\u00f6neticilikte Grid<\/li>\n<li>Y\u00f6neticiler i\u00e7in Finans<\/li>\n<li>\u0130\u015f Ya\u015fam\u0131nda Ku\u015fak Karma\u015fas\u0131<\/li>\n<\/ul>\n<p><strong>\u00dcyelikler<\/strong><\/p>\n<ul>\n<li>PAGEV<\/li>\n<li>Society of Plastic Engineers<\/li>\n<\/ul>\n<p><strong>Konu\u015fmalar<\/strong><\/p>\n<ul>\n<li>PAGEV Plastik End\u00fcstrisi Kongresi, &#8220;Yenilik\u00e7i Enjeksiyon Teknolojileri&#8221;, 2007<\/li>\n<li>Yalova \u00dcniversitesi &#8220;Plastiksiz Ya\u015fam&#8221; Kongresi, 2008<\/li>\n<li>ODT\u00dc &#8220;\u0130\u015f Ya\u015fam\u0131&#8221;, 2008<\/li>\n<li>Kal\u0131p Fuar\u0131 Konferans\u0131 &#8220;Beyaz E\u015fya ve Kal\u0131p Sekt\u00f6r\u00fc&#8221;, 2008<\/li>\n<li>Engel A\u00e7\u0131l\u0131\u015f T\u00f6reni, 2009<\/li>\n<li>Yalova \u00dcniversitesi Polimer Semineri, 2011<\/li>\n<li>Sakarya \u00dcniversitesi, &#8220;De\u011fi\u015fim Gelecektir&#8221;, 2011<\/li>\n<li>Yalova \u00dcniversitesi Polimer G\u00fcnleri, 2012<\/li>\n<li>PAGEV Proses Semineri, 2014<\/li>\n<li>Y\u0131ld\u0131z Teknik \u00dcniversitesi &#8220;Ulusal Plastik Teknolojileri Sempozyumu&#8221;, 2015<\/li>\n<\/ul>\n<p><strong>Yay\u0131mlanan Yaz\u0131lar<\/strong><\/p>\n<p><strong>PAGEV Plastik Dergisi Yaz\u0131lar\u0131ndan \u00d6rnekler<\/strong><\/p>\n<ul>\n<li>Plastik Enjeksiyon Prosesinde Problemler ve \u00c7\u00f6z\u00fcm Yollar\u0131<\/li>\n<li>Plastik Enjeksiyon Makine Se\u00e7imi<\/li>\n<li>Plastik \u0130\u015fleme ve Bitirme Y\u00f6ntemleri<\/li>\n<li>T\u00fcrkiye Plastik Kal\u0131p\u00e7\u0131lar\u0131 Analizi<\/li>\n<li>T\u00fcrkiye Plastik Par\u00e7a \u00dcreticileri Analizi<\/li>\n<li>Plastik Sekt\u00f6r\u00fc ve Par\u00e7a Tasar\u0131m S\u00fcreci<\/li>\n<li>Plastik \u00dcretim Teknolojilerinin Bug\u00fcn\u00fc ve Gelece\u011fi<\/li>\n<li>Plastik Sekt\u00f6r\u00fcnde Do\u011fru Terimleri Kullanmak ve Terimleri Do\u011fru Kullanmak<\/li>\n<li>Plastik S\u00f6zl\u00fc\u011f\u00fc<\/li>\n<\/ul>\n<p><strong>Plastik\u00e7iyiz Biz Dergisi<\/strong><\/p>\n<ul>\n<li>Plastik Enjeksiyon Prosesinde Kalite Problemlerine Sistematik Yakla\u015f\u0131m<\/li>\n<li>Do\u011fru Terimleri Kullanmak<\/li>\n<\/ul>\n<p><strong>Plastic T\u00fcrkiye Dergisi<\/strong><\/p>\n<ul>\n<li>En Son Enjeksiyon, Kal\u0131p ve Hammadde Teknolojileri<\/li>\n<\/ul>\n<p><strong>\u00c7al\u0131\u015ft\u0131\u011f\u0131 Projeler<\/strong><\/p>\n<ul>\n<li>Verimlilik Projeleri<\/li>\n<li>Kalite \u0130yile\u015ftirme Projeleri<\/li>\n<li>TPM Projeleri<\/li>\n<li>6 Sigma Projeleri<\/li>\n<li>Enjeksiyon, Ekstr\u00fczyon, Termoform hurda iyile\u015ftirme Projeleri<\/li>\n<li>Makine Yat\u0131r\u0131mlar\u0131<\/li>\n<li>Kal\u0131p Yat\u0131r\u0131mlar\u0131<\/li>\n<li>Fabrika Kurulumlar\u0131<\/li>\n<li>Platform \u00dcr\u00fcn Projeleri<\/li>\n<\/ul>\n<p>Metin Bilgili, evli, iki yeti\u015fkin \u00e7ocuk babas\u0131 ve iki torun b\u00fcy\u00fckbabas\u0131d\u0131r.<\/p>\n","protected":false},"excerpt":{"rendered":"<p>&nbsp; Metin Bilgili, Lise e\u011fitimini Eski\u015fehir Makine Teknik Lisesinde tamamlad\u0131ktan sonra Plastik M\u00fchendisli\u011fi e\u011fitimini Manchester Polytechnic \u00dcniversitesi&#8217;nde ald\u0131. \u0130ngiltere&#8217;de FMS konusunda Leyland&#8217;da, CNC konusunda Mazak ve Deckel firmalar\u0131nda, DNC ve Plastik Enjeksiyon kal\u0131pc\u0131l\u0131\u011f\u0131 konular\u0131nda Manchester, Wigan, Birmingham&#8217;daki firmalarda \u00e7al\u0131\u015fmalarda bulundu. Wigan Collage of Technology Engineering Departman\u0131nda Enjeksiyon, ekstr\u00fczyon, \u00fcfleme kal\u0131p\u00e7\u0131l\u0131\u011f\u0131, plastik kal\u0131p\u00e7\u0131l\u0131\u011f\u0131 konular\u0131nda \u00e7al\u0131\u015fmalar yapt\u0131. [&hellip;]<\/p>\n","protected":false},"author":1,"featured_media":0,"parent":0,"menu_order":1,"comment_status":"open","ping_status":"open","template":"","meta":{"footnotes":""},"_links":{"self":[{"href":"http:\/\/www.metinbilgili.com\/index.php?rest_route=\/wp\/v2\/pages\/2"}],"collection":[{"href":"http:\/\/www.metinbilgili.com\/index.php?rest_route=\/wp\/v2\/pages"}],"about":[{"href":"http:\/\/www.metinbilgili.com\/index.php?rest_route=\/wp\/v2\/types\/page"}],"author":[{"embeddable":true,"href":"http:\/\/www.metinbilgili.com\/index.php?rest_route=\/wp\/v2\/users\/1"}],"replies":[{"embeddable":true,"href":"http:\/\/www.metinbilgili.com\/index.php?rest_route=%2Fwp%2Fv2%2Fcomments&post=2"}],"version-history":[{"count":6,"href":"http:\/\/www.metinbilgili.com\/index.php?rest_route=\/wp\/v2\/pages\/2\/revisions"}],"predecessor-version":[{"id":151,"href":"http:\/\/www.metinbilgili.com\/index.php?rest_route=\/wp\/v2\/pages\/2\/revisions\/151"}],"wp:attachment":[{"href":"http:\/\/www.metinbilgili.com\/index.php?rest_route=%2Fwp%2Fv2%2Fmedia&parent=2"}],"curies":[{"name":"wp","href":"https:\/\/api.w.org\/{rel}","templated":true}]}}