{"id":21,"date":"2016-12-04T18:38:23","date_gmt":"2016-12-04T18:38:23","guid":{"rendered":"http:\/\/www.metinbilgili.com\/?page_id=21"},"modified":"2023-11-20T18:22:09","modified_gmt":"2023-11-20T18:22:09","slug":"egitimler","status":"publish","type":"page","link":"http:\/\/www.metinbilgili.com\/?page_id=21","title":{"rendered":"E\u011fitimler"},"content":{"rendered":"<p><strong>E\u011fitim Ba\u015fl\u0131klar\u0131<\/strong><\/p>\n<ul>\n<li>Temel Enjeksiyon Teknolojileri ve Problem \u00c7\u00f6z\u00fcm Y\u00f6ntemleri<\/li>\n<li>\u0130leri Enjeksiyon Teknolojileri ve\u00a0Problemlere m\u00fchendislik yakla\u015f\u0131m\u0131 5M1P<\/li>\n<li>Plastik Hammadde Se\u00e7imi, Tasar\u0131m ve Proses \u00fczerindeki etkileri<\/li>\n<li>Plastik Enjeksiyon i\u00e7in Par\u00e7a Tasar\u0131m\u0131<\/li>\n<li>Plastik Enjeksiyon Kal\u0131p Tasar\u0131m\u0131<\/li>\n<li>Plastik Par\u00e7a Bask\u0131 ve Dekorasyon Y\u00f6ntemleri<\/li>\n<li>Plastik Par\u00e7alarda Albeni ve Kalite<\/li>\n<li>Verimli bir Plastik Fabrikas\u0131 Y\u00f6netimi i\u00e7in Vazge\u00e7ilmez Kurallar<\/li>\n<li>Ekstr\u00fczyon ve Termoform<\/li>\n<\/ul>\n<p><strong>Di\u011fer \u00c7al\u0131\u015fmalar\u0131m\u0131z<\/strong><\/p>\n<ul>\n<li>\u0130\u015fletmelere \u00f6zel proje \u00e7al\u0131\u015fmalar\u0131<\/li>\n<li>Plastik fabrikalar\u0131na \u00f6zel analiz \u00e7al\u0131\u015fmalar\u0131<\/li>\n<li>Plastik par\u00e7a kalite yeterlilik \u00e7al\u0131\u015fmalar\u0131<\/li>\n<li>Makine yeterlilik \u00e7al\u0131\u015fmalar\u0131<\/li>\n<li>Maliyet azaltma \u00e7al\u0131\u015fmalar\u0131<\/li>\n<li>\u00dcretim problemleri analizleri<\/li>\n<li>Yeni teknoloji tan\u0131t\u0131mlar\u0131<\/li>\n<li>Emniyetli \u00e7al\u0131\u015fma prensipleri<\/li>\n<\/ul>\n<p>E\u011fitimlerin detaylar\u0131n\u0131 ve referanslar\u0131m\u0131z\u0131\u00a0<span style=\"color: #0000ff;\"><strong><a style=\"color: #0000ff;\" href=\"http:\/\/www.metinbilgili.com\/wp-content\/uploads\/2023\/09\/MB-Katalog-2023-tr.pdf\">E\u011fitim Katalo\u011fu ve \u015eirket bros\u00fcr\u00fc<\/a><\/strong><\/span>\u00a0dosyas\u0131nda inceleyebilirsiniz.<\/p>\n<p>&nbsp;<\/p>\n<hr \/>\n<p><a href=\"http:\/\/www.metinbilgili.com\/wp-content\/uploads\/2022\/09\/Hizmetlerimiz-2022.jpg\"><img decoding=\"async\" loading=\"lazy\" class=\"alignnone size-full wp-image-166\" src=\"http:\/\/www.metinbilgili.com\/wp-content\/uploads\/2022\/09\/Hizmetlerimiz-2022.jpg\" alt=\"hizmetlerimiz-2022\" width=\"962\" height=\"453\" srcset=\"http:\/\/www.metinbilgili.com\/wp-content\/uploads\/2022\/09\/Hizmetlerimiz-2022.jpg 962w, http:\/\/www.metinbilgili.com\/wp-content\/uploads\/2022\/09\/Hizmetlerimiz-2022-300x141.jpg 300w, http:\/\/www.metinbilgili.com\/wp-content\/uploads\/2022\/09\/Hizmetlerimiz-2022-768x362.jpg 768w\" sizes=\"(max-width: 962px) 100vw, 962px\" \/><\/a><\/p>\n<p>&nbsp;<\/p>\n<p>&nbsp;<\/p>\n","protected":false},"excerpt":{"rendered":"<p>E\u011fitim Ba\u015fl\u0131klar\u0131 Temel Enjeksiyon Teknolojileri ve Problem \u00c7\u00f6z\u00fcm Y\u00f6ntemleri \u0130leri Enjeksiyon Teknolojileri ve\u00a0Problemlere m\u00fchendislik yakla\u015f\u0131m\u0131 5M1P Plastik Hammadde Se\u00e7imi, Tasar\u0131m ve Proses \u00fczerindeki etkileri Plastik Enjeksiyon i\u00e7in Par\u00e7a Tasar\u0131m\u0131 Plastik Enjeksiyon Kal\u0131p Tasar\u0131m\u0131 Plastik Par\u00e7a Bask\u0131 ve Dekorasyon Y\u00f6ntemleri Plastik Par\u00e7alarda Albeni ve Kalite Verimli bir Plastik Fabrikas\u0131 Y\u00f6netimi i\u00e7in Vazge\u00e7ilmez Kurallar Ekstr\u00fczyon ve Termoform [&hellip;]<\/p>\n","protected":false},"author":1,"featured_media":0,"parent":0,"menu_order":2,"comment_status":"closed","ping_status":"closed","template":"","meta":{"footnotes":""},"_links":{"self":[{"href":"http:\/\/www.metinbilgili.com\/index.php?rest_route=\/wp\/v2\/pages\/21"}],"collection":[{"href":"http:\/\/www.metinbilgili.com\/index.php?rest_route=\/wp\/v2\/pages"}],"about":[{"href":"http:\/\/www.metinbilgili.com\/index.php?rest_route=\/wp\/v2\/types\/page"}],"author":[{"embeddable":true,"href":"http:\/\/www.metinbilgili.com\/index.php?rest_route=\/wp\/v2\/users\/1"}],"replies":[{"embeddable":true,"href":"http:\/\/www.metinbilgili.com\/index.php?rest_route=%2Fwp%2Fv2%2Fcomments&post=21"}],"version-history":[{"count":16,"href":"http:\/\/www.metinbilgili.com\/index.php?rest_route=\/wp\/v2\/pages\/21\/revisions"}],"predecessor-version":[{"id":172,"href":"http:\/\/www.metinbilgili.com\/index.php?rest_route=\/wp\/v2\/pages\/21\/revisions\/172"}],"wp:attachment":[{"href":"http:\/\/www.metinbilgili.com\/index.php?rest_route=%2Fwp%2Fv2%2Fmedia&parent=21"}],"curies":[{"name":"wp","href":"https:\/\/api.w.org\/{rel}","templated":true}]}}